{"id":6709,"date":"2021-04-07T22:04:04","date_gmt":"2021-04-07T20:04:04","guid":{"rendered":"https:\/\/sanitas.fr\/?page_id=6709"},"modified":"2021-04-23T11:56:33","modified_gmt":"2021-04-23T09:56:33","slug":"le-mur-des-heros","status":"publish","type":"page","link":"https:\/\/sanitas.fr\/?page_id=6709","title":{"rendered":"Le Mur des H\u00e9ros"},"content":{"rendered":"\t\t<div data-elementor-type=\"wp-page\" data-elementor-id=\"6709\" class=\"elementor elementor-6709\" data-elementor-settings=\"[]\">\n\t\t\t\t\t\t<div class=\"elementor-inner\">\n\t\t\t\t\t\t\t<div class=\"elementor-section-wrap\">\n\t\t\t\t\t\t\t<section class=\"elementor-section elementor-top-section elementor-element elementor-element-a1bf39f elementor-section-height-min-height elementor-section-stretched elementor-section-boxed elementor-section-height-default elementor-section-items-middle\" data-id=\"a1bf39f\" data-element_type=\"section\" data-settings=\"{&quot;stretch_section&quot;:&quot;section-stretched&quot;,&quot;background_background&quot;:&quot;classic&quot;,&quot;_ha_eqh_enable&quot;:false,&quot;ekit_has_onepagescroll_dot&quot;:&quot;yes&quot;}\">\n\t\t\t\t\t\t\t<div class=\"elementor-background-overlay\"><\/div>\n\t\t\t\t\t\t\t<div class=\"elementor-container elementor-column-gap-default\">\n\t\t\t\t\t\t\t<div class=\"elementor-row\">\n\t\t\t\t\t<div class=\"elementor-column elementor-col-100 elementor-top-column elementor-element elementor-element-4031651\" data-id=\"4031651\" data-element_type=\"column\">\n\t\t\t<div class=\"elementor-column-wrap elementor-element-populated\">\n\t\t\t\t\t\t\t<div class=\"elementor-widget-wrap\">\n\t\t\t\t\t\t<div class=\"elementor-element elementor-element-3162010 elementor-widget elementor-widget-heading\" data-id=\"3162010\" data-element_type=\"widget\" data-widget_type=\"heading.default\">\n\t\t\t\t<div class=\"elementor-widget-container\">\n\t\t\t<h3 class=\"elementor-heading-title elementor-size-default\"><span class='maj'>L<\/span>e <span class='maj'>M<\/span>ur <span class='maj'>D<\/span>es <span class='maj'>H<\/span>\u00e9ros<\/h3>\t\t<\/div>\n\t\t\t\t<\/div>\n\t\t\t\t\t\t<\/div>\n\t\t\t\t\t<\/div>\n\t\t<\/div>\n\t\t\t\t\t\t\t\t<\/div>\n\t\t\t\t\t<\/div>\n\t\t<\/section>\n\t\t\t\t<section class=\"elementor-section elementor-top-section elementor-element elementor-element-b88fa28 elementor-section-boxed elementor-section-height-default elementor-section-height-default\" data-id=\"b88fa28\" data-element_type=\"section\" data-settings=\"{&quot;_ha_eqh_enable&quot;:false,&quot;ekit_has_onepagescroll_dot&quot;:&quot;yes&quot;}\">\n\t\t\t\t\t\t<div class=\"elementor-container elementor-column-gap-default\">\n\t\t\t\t\t\t\t<div class=\"elementor-row\">\n\t\t\t\t\t<div class=\"elementor-column elementor-col-100 elementor-top-column elementor-element elementor-element-43f6af8\" data-id=\"43f6af8\" data-element_type=\"column\">\n\t\t\t<div class=\"elementor-column-wrap elementor-element-populated\">\n\t\t\t\t\t\t\t<div class=\"elementor-widget-wrap\">\n\t\t\t\t\t\t<div class=\"elementor-element elementor-element-cd300b5 elementor-widget elementor-widget-shortcode\" data-id=\"cd300b5\" data-element_type=\"widget\" data-widget_type=\"shortcode.default\">\n\t\t\t\t<div class=\"elementor-widget-container\">\n\t\t\t\t\t<div class=\"elementor-shortcode\"><div class=\"wow-bmp bmp-mobile-2 wow-bmp-pos-l  \"><input type=\"checkbox\"><a href=\"#\" class=\"color-white hcolor-black\" id=\"SideBubbleMenu\"\"><i class=\"color-black hcolor-white fas fa-hand-point-up\"><\/i><\/a><ul><li><a href=\"?page_id=6518\" class=\"color-white hcolor-black\" id=\"SideBubbleMenuRecettes\"\" target=\"_self\"><i class=\"color-black hcolor-white fas fa-align-justify\"><\/i><\/a><em class=\"tr\" >Recettes<\/em><\/li><li><a href=\"?page_id=6510\" class=\"color-white hcolor-black\" id=\"SideBubbleMenuPerso\"\" target=\"_self\"><i class=\"color-black hcolor-white fas fa-hand-point-up\"><\/i><\/a><em class=\"tr\" >Personnalisations<\/em><\/li><li><a href=\"?page_id=6429\" class=\"color-white hcolor-black\" id=\"SideBubbleMenuServices\"\" target=\"_self\"><i class=\"color-black hcolor-white fas fa-hand-point-up\"><\/i><\/a><em class=\"tr\" >Services<\/em><\/li><li><a href=\"?page_id=6494\" class=\"color-white hcolor-black\" id=\"SideBubbleMenuPro\"\" target=\"_self\"><i class=\"color-black hcolor-white fas fa-hand-point-up\"><\/i><\/a><em class=\"tr\" >Professionnels<\/em><\/li><li><a href=\"?page_id=6881\" class=\"color-white hcolor-black\" id=\"SideBubbleMenuPhilo\"\" target=\"_self\"><i class=\"color-black hcolor-white fas fa-hand-point-up\"><\/i><\/a><em class=\"r\" >Philosophie<\/em><\/li><\/ul><\/div><\/div>\n\t\t\t\t<\/div>\n\t\t\t\t<\/div>\n\t\t\t\t\t\t<\/div>\n\t\t\t\t\t<\/div>\n\t\t<\/div>\n\t\t\t\t\t\t\t\t<\/div>\n\t\t\t\t\t<\/div>\n\t\t<\/section>\n\t\t\t\t<section class=\"elementor-section elementor-top-section elementor-element elementor-element-67e853d elementor-section-boxed elementor-section-height-default elementor-section-height-default\" data-id=\"67e853d\" data-element_type=\"section\" data-settings=\"{&quot;_ha_eqh_enable&quot;:false,&quot;ekit_has_onepagescroll_dot&quot;:&quot;yes&quot;}\">\n\t\t\t\t\t\t<div class=\"elementor-container elementor-column-gap-default\">\n\t\t\t\t\t\t\t<div class=\"elementor-row\">\n\t\t\t\t\t<div class=\"elementor-column elementor-col-66 elementor-top-column elementor-element elementor-element-4738e58\" data-id=\"4738e58\" data-element_type=\"column\">\n\t\t\t<div class=\"elementor-column-wrap elementor-element-populated\">\n\t\t\t\t\t\t\t<div class=\"elementor-widget-wrap\">\n\t\t\t\t\t\t<div class=\"elementor-element elementor-element-31191c0 page_titre_chapitreCP3 elementor-widget elementor-widget-heading\" data-id=\"31191c0\" data-element_type=\"widget\" data-widget_type=\"heading.default\">\n\t\t\t\t<div class=\"elementor-widget-container\">\n\t\t\t<h4 class=\"elementor-heading-title elementor-size-default\">Merci !<\/h4>\t\t<\/div>\n\t\t\t\t<\/div>\n\t\t\t\t<div class=\"elementor-element elementor-element-9978209 elementor-widget elementor-widget-text-editor\" data-id=\"9978209\" data-element_type=\"widget\" data-widget_type=\"text-editor.default\">\n\t\t\t\t<div class=\"elementor-widget-container\">\n\t\t\t\t\t\t\t\t<div class=\"elementor-text-editor elementor-clearfix\">\n\t\t\t\t\t<p>Parce que vous avez \u00e9t\u00e9 formidables lors de notre crowdfunding, que vous nous suivez et nous encouragez au quotidien, merci \u00e0 vous, les H\u00e9ros de la Maisnie Sanitas!<\/p>\t\t\t\t\t<\/div>\n\t\t\t\t\t\t<\/div>\n\t\t\t\t<\/div>\n\t\t\t\t\t\t<\/div>\n\t\t\t\t\t<\/div>\n\t\t<\/div>\n\t\t\t\t<div class=\"elementor-column elementor-col-33 elementor-top-column elementor-element elementor-element-ebb73df\" data-id=\"ebb73df\" data-element_type=\"column\">\n\t\t\t<div class=\"elementor-column-wrap elementor-element-populated\">\n\t\t\t\t\t\t\t<div class=\"elementor-widget-wrap\">\n\t\t\t\t\t\t<div class=\"elementor-element elementor-element-0f98695 elementor-widget elementor-widget-image\" data-id=\"0f98695\" data-element_type=\"widget\" data-widget_type=\"image.default\">\n\t\t\t\t<div class=\"elementor-widget-container\">\n\t\t\t\t\t\t\t\t<div class=\"elementor-image\">\n\t\t\t\t\t\t\t\t\t\t\t\t<img width=\"267\" height=\"389\" src=\"https:\/\/sanitas.fr\/wp-content\/uploads\/2020\/08\/ValayaV4.png\" class=\"attachment-1536x1536 size-1536x1536\" alt=\"\" loading=\"lazy\" srcset=\"https:\/\/sanitas.fr\/wp-content\/uploads\/2020\/08\/ValayaV4.png 267w, https:\/\/sanitas.fr\/wp-content\/uploads\/2020\/08\/ValayaV4-206x300.png 206w\" sizes=\"(max-width: 267px) 100vw, 267px\" data-attachment-id=\"5152\" data-permalink=\"https:\/\/sanitas.fr\/?attachment_id=5152\" data-orig-file=\"https:\/\/sanitas.fr\/wp-content\/uploads\/2020\/08\/ValayaV4.png\" data-orig-size=\"267,389\" data-comments-opened=\"1\" data-image-meta=\"{&quot;aperture&quot;:&quot;0&quot;,&quot;credit&quot;:&quot;&quot;,&quot;camera&quot;:&quot;&quot;,&quot;caption&quot;:&quot;&quot;,&quot;created_timestamp&quot;:&quot;0&quot;,&quot;copyright&quot;:&quot;&quot;,&quot;focal_length&quot;:&quot;0&quot;,&quot;iso&quot;:&quot;0&quot;,&quot;shutter_speed&quot;:&quot;0&quot;,&quot;title&quot;:&quot;&quot;,&quot;orientation&quot;:&quot;0&quot;}\" data-image-title=\"ValayaV4\" data-image-description=\"\" data-medium-file=\"https:\/\/sanitas.fr\/wp-content\/uploads\/2020\/08\/ValayaV4-206x300.png\" data-large-file=\"https:\/\/sanitas.fr\/wp-content\/uploads\/2020\/08\/ValayaV4.png\" \/>\t\t\t\t\t\t\t\t\t\t\t\t\t\t<\/div>\n\t\t\t\t\t\t<\/div>\n\t\t\t\t<\/div>\n\t\t\t\t\t\t<\/div>\n\t\t\t\t\t<\/div>\n\t\t<\/div>\n\t\t\t\t\t\t\t\t<\/div>\n\t\t\t\t\t<\/div>\n\t\t<\/section>\n\t\t\t\t<section class=\"elementor-section elementor-top-section elementor-element elementor-element-8e9fb23 elementor-section-stretched elementor-section-boxed elementor-section-height-default elementor-section-height-default\" data-id=\"8e9fb23\" data-element_type=\"section\" data-settings=\"{&quot;stretch_section&quot;:&quot;section-stretched&quot;,&quot;background_background&quot;:&quot;classic&quot;,&quot;_ha_eqh_enable&quot;:false,&quot;ekit_has_onepagescroll_dot&quot;:&quot;yes&quot;}\">\n\t\t\t\t\t\t<div class=\"elementor-container elementor-column-gap-default\">\n\t\t\t\t\t\t\t<div class=\"elementor-row\">\n\t\t\t\t\t<div class=\"elementor-column elementor-col-100 elementor-top-column elementor-element elementor-element-589ba37\" data-id=\"589ba37\" data-element_type=\"column\">\n\t\t\t<div class=\"elementor-column-wrap\">\n\t\t\t\t\t\t\t<div class=\"elementor-widget-wrap\">\n\t\t\t\t\t\t\t\t<\/div>\n\t\t\t\t\t<\/div>\n\t\t<\/div>\n\t\t\t\t\t\t\t\t<\/div>\n\t\t\t\t\t<\/div>\n\t\t<\/section>\n\t\t\t\t<section class=\"elementor-section elementor-top-section elementor-element elementor-element-b55d8c9 elementor-section-boxed elementor-section-height-default elementor-section-height-default\" data-id=\"b55d8c9\" data-element_type=\"section\" data-settings=\"{&quot;_ha_eqh_enable&quot;:false,&quot;ekit_has_onepagescroll_dot&quot;:&quot;yes&quot;}\">\n\t\t\t\t\t\t<div class=\"elementor-container elementor-column-gap-default\">\n\t\t\t\t\t\t\t<div class=\"elementor-row\">\n\t\t\t\t\t<div class=\"elementor-column elementor-col-100 elementor-top-column elementor-element elementor-element-7e8b210\" data-id=\"7e8b210\" data-element_type=\"column\">\n\t\t\t<div class=\"elementor-column-wrap elementor-element-populated\">\n\t\t\t\t\t\t\t<div class=\"elementor-widget-wrap\">\n\t\t\t\t\t\t<div class=\"elementor-element elementor-element-7e5e4d9 elementor-widget elementor-widget-image\" data-id=\"7e5e4d9\" data-element_type=\"widget\" data-widget_type=\"image.default\">\n\t\t\t\t<div class=\"elementor-widget-container\">\n\t\t\t\t\t\t\t\t<div class=\"elementor-image\">\n\t\t\t\t\t\t\t\t\t\t\t\t<img width=\"512\" height=\"1024\" src=\"https:\/\/sanitas.fr\/wp-content\/uploads\/2020\/02\/7db73dd4-6576-4bf2-b76c-99b3b8cceac8-512x1024.jpg\" class=\"attachment-large size-large\" alt=\"\" loading=\"lazy\" srcset=\"https:\/\/sanitas.fr\/wp-content\/uploads\/2020\/02\/7db73dd4-6576-4bf2-b76c-99b3b8cceac8-512x1024.jpg 512w, https:\/\/sanitas.fr\/wp-content\/uploads\/2020\/02\/7db73dd4-6576-4bf2-b76c-99b3b8cceac8-150x300.jpg 150w, https:\/\/sanitas.fr\/wp-content\/uploads\/2020\/02\/7db73dd4-6576-4bf2-b76c-99b3b8cceac8-768x1536.jpg 768w, https:\/\/sanitas.fr\/wp-content\/uploads\/2020\/02\/7db73dd4-6576-4bf2-b76c-99b3b8cceac8-600x1200.jpg 600w, https:\/\/sanitas.fr\/wp-content\/uploads\/2020\/02\/7db73dd4-6576-4bf2-b76c-99b3b8cceac8.jpg 800w\" sizes=\"(max-width: 512px) 100vw, 512px\" data-attachment-id=\"2070\" data-permalink=\"https:\/\/sanitas.fr\/?attachment_id=2070\" data-orig-file=\"https:\/\/sanitas.fr\/wp-content\/uploads\/2020\/02\/7db73dd4-6576-4bf2-b76c-99b3b8cceac8.jpg\" data-orig-size=\"800,1600\" data-comments-opened=\"1\" data-image-meta=\"{&quot;aperture&quot;:&quot;0&quot;,&quot;credit&quot;:&quot;&quot;,&quot;camera&quot;:&quot;&quot;,&quot;caption&quot;:&quot;&quot;,&quot;created_timestamp&quot;:&quot;0&quot;,&quot;copyright&quot;:&quot;&quot;,&quot;focal_length&quot;:&quot;0&quot;,&quot;iso&quot;:&quot;0&quot;,&quot;shutter_speed&quot;:&quot;0&quot;,&quot;title&quot;:&quot;&quot;,&quot;orientation&quot;:&quot;0&quot;}\" data-image-title=\"7db73dd4-6576-4bf2-b76c-99b3b8cceac8\" data-image-description=\"\" data-medium-file=\"https:\/\/sanitas.fr\/wp-content\/uploads\/2020\/02\/7db73dd4-6576-4bf2-b76c-99b3b8cceac8-150x300.jpg\" data-large-file=\"https:\/\/sanitas.fr\/wp-content\/uploads\/2020\/02\/7db73dd4-6576-4bf2-b76c-99b3b8cceac8-512x1024.jpg\" \/>\t\t\t\t\t\t\t\t\t\t\t\t\t\t<\/div>\n\t\t\t\t\t\t<\/div>\n\t\t\t\t<\/div>\n\t\t\t\t\t\t<\/div>\n\t\t\t\t\t<\/div>\n\t\t<\/div>\n\t\t\t\t\t\t\t\t<\/div>\n\t\t\t\t\t<\/div>\n\t\t<\/section>\n\t\t\t\t\t\t<\/div>\n\t\t\t\t\t\t<\/div>\n\t\t\t\t\t<\/div>\n\t\t","protected":false},"excerpt":{"rendered":"<p>Le Mur Des H\u00e9ros Merci ! Parce que vous avez \u00e9t\u00e9 formidables lors de notre crowdfunding, que vous nous suivez et nous encouragez au quotidien, merci \u00e0 vous, les H\u00e9ros de la Maisnie Sanitas!<\/p>\n","protected":false},"author":20,"featured_media":0,"parent":0,"menu_order":0,"comment_status":"closed","ping_status":"closed","template":"page-templates\/template-pagebuilder-full-width.php","meta":{"neve_meta_sidebar":"left","neve_meta_container":"","neve_meta_enable_content_width":"on","neve_meta_content_width":100,"neve_meta_title_alignment":"","neve_meta_author_avatar":"","neve_post_elements_order":"","neve_meta_disable_header":"","neve_meta_disable_footer":"","neve_meta_disable_title":"","_ti_tpc_template_sync":false,"_ti_tpc_template_id":"","spay_email":""},"jetpack_shortlink":"https:\/\/wp.me\/P9oqJu-1Kd","jetpack-related-posts":[{"id":6510,"url":"https:\/\/sanitas.fr\/?page_id=6510","url_meta":{"origin":6709,"position":0},"title":"Nos Personnalisations","date":"31\/03\/2021","format":false,"excerpt":"Nos Personnalisations Au service de vos envies\u2026 Parce que la proximit\u00e9 avec nos clients est ch\u00e8re \u00e0 nos coeurs, nous avons mis en place un service \u00e0 votre image. Ainsi, nous proposons des services personnalis\u00e9s autant pour les contenants que pour les bi\u00e8res. N\u2019avez-vous jamais r\u00eav\u00e9 d\u2019une bi\u00e8re cr\u00e9\u00e9e uniquement\u2026","rel":"","context":"Article similaire","img":{"alt_text":"","src":"https:\/\/i1.wp.com\/sanitas.fr\/wp-content\/uploads\/2019\/03\/pixiz-22-03-2019-11_37_02-1024x1024.jpg?resize=350%2C200","width":350,"height":200},"classes":[]},{"id":6881,"url":"https:\/\/sanitas.fr\/?page_id=6881","url_meta":{"origin":6709,"position":1},"title":"Notre Philosophie","date":"22\/04\/2021","format":false,"excerpt":"Notre Philosophie Une production locale En accord avec notre \u00e9thique, nous nous appliquons \u00e0 utiliser autant que possible des produits locaux et il nous tient \u00e0 c\u0153ur de d\u00e9velopper des partenariats avec les producteurs voisins. Nous pr\u00f4nons en premier lieu le \u00ab\u00a0Made in Local\u00a0\u00bb puis le \u00a0\u00ab\u00a0Made in France\u00a0\u00bb.De la\u2026","rel":"","context":"Article similaire","img":{"alt_text":"","src":"https:\/\/i2.wp.com\/sanitas.fr\/wp-content\/uploads\/2020\/05\/20200515_180038.jpg?resize=350%2C200","width":350,"height":200},"classes":[]},{"id":6494,"url":"https:\/\/sanitas.fr\/?page_id=6494","url_meta":{"origin":6709,"position":2},"title":"Nos offres aux Professionnels","date":"31\/03\/2021","format":false,"excerpt":"Nos Offres aux Professionnels Un v\u00e9ritable partenariat pour des bi\u00e8res d\u00e9di\u00e9es \u00e0 votre bar Nous proposons une gamme de bi\u00e8res et cervoises artisanales, qui raviront le palais de vos clients. Mais plus encore, nous pouvons cr\u00e9er une bi\u00e8re unique, afin de correspondre \u00e0 l\u2019identit\u00e9 de votre \u00e9tablissement. Notre catalogue Des\u2026","rel":"","context":"Article similaire","img":{"alt_text":"","src":"https:\/\/i0.wp.com\/sanitas.fr\/wp-content\/uploads\/2020\/07\/Coffret1PortraitCarre.png?resize=350%2C200","width":350,"height":200},"classes":[]},{"id":1029,"url":"https:\/\/sanitas.fr\/?page_id=1029","url_meta":{"origin":6709,"position":3},"title":"Ulule","date":"07\/01\/2020","format":false,"excerpt":"Une histoire de Bi\u00e8re et de Cervoises! Apr\u00e8s deux ann\u00e9es \u00e0 \u00e9tablir l'entreprise en Seine et Marne, nous venons de nous installer dans la verdoyante Loire-Atlantique, dans une jolie long\u00e8re sur la commune de Moisdon la Rivi\u00e8re. Une ancienne ferme, son habitation et ses b\u00e2timents agricoles. Or donc, dans ces\u2026","rel":"","context":"Article similaire","img":{"alt_text":"","src":"","width":0,"height":0},"classes":[]},{"id":6429,"url":"https:\/\/sanitas.fr\/?page_id=6429","url_meta":{"origin":6709,"position":4},"title":"Nos Prestations","date":"31\/03\/2021","format":false,"excerpt":"Nos Prestations Stand th\u00e9matique, location, f\u00fbts\u2026 Proposez des produits personnalis\u00e9s, ajoutez une touche d\u2019originalit\u00e9 \u00e0 vos \u00e9v\u00e8nements priv\u00e9s, associatifs ou professionnels. Stand personnalis\u00e9 sur demande Vous souhaitez une prestation originale suivant le th\u00e8me de votre soir\u00e9e\/\u00e9v\u00e8nement? Nous vous proposons une solution sur mesure avec un stand personnalis\u00e9 sur votre th\u00e8me\u2026","rel":"","context":"Article similaire","img":{"alt_text":"","src":"https:\/\/i2.wp.com\/sanitas.fr\/wp-content\/uploads\/2018\/06\/20180504_140237.jpg?resize=350%2C200","width":350,"height":200},"classes":[]},{"id":6518,"url":"https:\/\/sanitas.fr\/?page_id=6518","url_meta":{"origin":6709,"position":5},"title":"Nos Bi\u00e8res et Cervoises","date":"31\/03\/2021","format":false,"excerpt":"Nos Bi\u00e8res & Cervoises Aux sources de nos recettes\u2026 A la recherche de saveurs oubli\u00e9es, nous recr\u00e9ons des recettes enfouies dans les anciens \u00e9crits et les traditions orales et nous les brassons de mani\u00e8re contemporaine. Nous excavons des go\u00fbts originaux pour surprendre vos papilles ou nous jouons de finesse pour\u2026","rel":"","context":"Article similaire","img":{"alt_text":"","src":"","width":0,"height":0},"classes":[]}],"jetpack_sharing_enabled":true,"jetpack_likes_enabled":true,"_links":{"self":[{"href":"https:\/\/sanitas.fr\/index.php?rest_route=\/wp\/v2\/pages\/6709"}],"collection":[{"href":"https:\/\/sanitas.fr\/index.php?rest_route=\/wp\/v2\/pages"}],"about":[{"href":"https:\/\/sanitas.fr\/index.php?rest_route=\/wp\/v2\/types\/page"}],"author":[{"embeddable":true,"href":"https:\/\/sanitas.fr\/index.php?rest_route=\/wp\/v2\/users\/20"}],"replies":[{"embeddable":true,"href":"https:\/\/sanitas.fr\/index.php?rest_route=%2Fwp%2Fv2%2Fcomments&post=6709"}],"version-history":[{"count":1,"href":"https:\/\/sanitas.fr\/index.php?rest_route=\/wp\/v2\/pages\/6709\/revisions"}],"predecessor-version":[{"id":7178,"href":"https:\/\/sanitas.fr\/index.php?rest_route=\/wp\/v2\/pages\/6709\/revisions\/7178"}],"wp:attachment":[{"href":"https:\/\/sanitas.fr\/index.php?rest_route=%2Fwp%2Fv2%2Fmedia&parent=6709"}],"curies":[{"name":"wp","href":"https:\/\/api.w.org\/{rel}","templated":true}]}}