{"id":660,"date":"2019-03-18T10:33:19","date_gmt":"2019-03-18T09:33:19","guid":{"rendered":"https:\/\/sanitas.fr\/legal\/"},"modified":"2019-03-18T10:33:19","modified_gmt":"2019-03-18T09:33:19","slug":"legal","status":"publish","type":"page","link":"https:\/\/sanitas.fr\/?page_id=660","title":{"rendered":"Conditions G\u00e9n\u00e9rales de Vente"},"content":{"rendered":"<div id=\"wp-cgv\"><p><i>G\u00e9n\u00e9r\u00e9 par <a href=\"http:\/\/donneespersonnelles.fr\/wp-cgv\" target=\"_blank\" title=\"WP-CGV\">WP-CGV<\/a><\/i><\/p><h3>DEFINITION DES PARTIES<\/h3>Entre la Soci\u00e9t\u00e9 LMS- La Maisnie Sanitas,<br>1 La Menuli\u00e8re, 2000, Moisdon-la-Rivi\u00e8re<br>au Capital Social de 2000\u20ac,<br>immatricul\u00e9e au Registre du Commerce et des Soci\u00e9t\u00e9s de Moisdon-la-Rivi\u00e8re,<br>sous le num\u00e9ro SIRET 83507718100021,<br>repr\u00e9sent\u00e9e par Nad\u00e8ge Sanitas<br>en qualit\u00e9 de g\u00e9rante,<br>d\u00fbment habilit\u00e9 aux fins des pr\u00e9sentes.<br>La soci\u00e9t\u00e9 peut \u00eatre jointe par email en cliquant sur le formulaire de contact accessible via la page d\u2019accueil du site.<br>Ci-apr\u00e8s le \u00ab Vendeur \u00bb ou la \u00ab Soci\u00e9t\u00e9 \u00bb.<br>D\u2019une part,<br>Et la personne physique ou morale proc\u00e9dant \u00e0 l\u2019achat de produits ou services de la soci\u00e9t\u00e9,<br>Ci-apr\u00e8s, \u00ab l\u2019Acheteur \u00bb, ou \u00ab le Client \u00bb<br><div>D\u2019autre part,<\/div><div><br><\/div><h3>PREAMBULE<\/h3><div>Le Vendeur est \u00e9diteur de produits et de services de Bi\u00e8res, Cervoises et produits d\u00e9riv\u00e9s au nom de la Maisnie Sanitas commercialis\u00e9s par l\u2019interm\u00e9diaire de son site Internet (http:\/\/localhost\/sanitas.fr). La liste et le descriptif des biens et services propos\u00e9s par la Soci\u00e9t\u00e9 peuvent \u00eatre consult\u00e9s sur le site susmentionn\u00e9 ainsi que ses pages de vente.<\/div><div><br><\/div><h3>ARTICLE 1 - OBJET<\/h3><div>Les pr\u00e9sentes Conditions G\u00e9n\u00e9rales de Vente d\u00e9terminent les droits et obligations des parties dans le cadre de la vente en ligne de Produits et de Services propos\u00e9s par le Vendeur.<\/div><div><br><\/div><h3>ARTICLE 2 - DISPOSITIONS  GENERALES<\/h3>Les pr\u00e9sentes Conditions G\u00e9n\u00e9rales de Vente (CGV) s\u2019appliquent \u00e0 toutes les ventes de Produits, ou Services effectu\u00e9es au travers du site Internet de la Soci\u00e9t\u00e9 et sont partie int\u00e9grante du Contrat entre l\u2019Acheteur et le Vendeur. Le Vendeur se r\u00e9serve la possibilit\u00e9 de modifier les pr\u00e9sentes, \u00e0 tout moment par la publication d\u2019une nouvelle version sur son site Internet. Les CGV applicables alors sont celles \u00e9tant en vigueur \u00e0 la date du paiement (ou du premier paiement en cas de paiements multiples) de la commande.<br><br><div> Ces CGV sont consultables sur le site Internet de la Soci\u00e9t\u00e9 \u00e0 l\u2019adresse suivante : http:\/\/localhost\/sanitas.fr\/legal . La Soci\u00e9t\u00e9 s\u2019assure \u00e9galement que leur acceptation soit claire et sans r\u00e9serve au moment de l\u2019achat. Le Client d\u00e9clare avoir pris connaissance de l\u2019ensemble des pr\u00e9sentes Conditions G\u00e9n\u00e9rales de Vente, et le cas \u00e9ch\u00e9ant des Conditions Particuli\u00e8res de Vente li\u00e9es \u00e0 un produit ou \u00e0 un service, et les accepter sans restriction ni r\u00e9serve. Le Client reconna\u00eet qu\u2019il a b\u00e9n\u00e9fici\u00e9 des conseils et informations n\u00e9cessaires afin de s\u2019assurer de l\u2019ad\u00e9quation de l\u2019offre \u00e0 ses besoins. Le Client d\u00e9clare \u00eatre en mesure de contracter l\u00e9galement en vertu des lois fran\u00e7aises ou valablement repr\u00e9senter la personne physique ou morale pour laquelle il s\u2019engage. Sauf preuve contraire les informations enregistr\u00e9es par la Soci\u00e9t\u00e9 constituent la preuve de l\u2019ensemble des transactions.<\/div><div><br><\/div><h3>ARTICLE 3 - PRIX<\/h3><div>Les prix des produits vendus au travers du site sont indiqu\u00e9s en Euros toutes taxes comprises et pr\u00e9cis\u00e9ment d\u00e9termin\u00e9s sur les pages de descriptifs des Produits. Ils sont \u00e9galement indiqu\u00e9s en euros toutes taxes comprises (TVA + autres taxes \u00e9ventuelles) sur la page de commande des produits, et hors frais sp\u00e9cifiques d\u2019exp\u00e9dition. Pour tous les produits exp\u00e9di\u00e9s hors Union europ\u00e9enne et\/ou DOM-TOM, le prix est calcul\u00e9 hors taxes automatiquement sur la facture. Des droits de douane ou autres taxes locales ou droits d\u2019importation ou taxes d\u2019\u00e9tat sont susceptibles d\u2019\u00eatre exigibles dans certains cas. Ces droits et sommes ne rel\u00e8vent pas du ressort du Vendeur. Ils seront \u00e0 la charge de l\u2019acheteur et rel\u00e8vent de sa responsabilit\u00e9 (d\u00e9clarations, paiement aux autorit\u00e9s comp\u00e9tentes, etc.). Le Vendeur invite \u00e0 ce titre l\u2019acheteur \u00e0 se renseigner sur ces aspects aupr\u00e8s des autorit\u00e9s locales correspondantes. La Soci\u00e9t\u00e9 se r\u00e9serve la possibilit\u00e9 de modifier ses prix \u00e0 tout moment pour l\u2019avenir. Les frais de t\u00e9l\u00e9communication n\u00e9cessaires \u00e0 l\u2019acc\u00e8s aux sites Internet de la Soci\u00e9t\u00e9 sont \u00e0 la charge du Client. Le cas \u00e9ch\u00e9ant \u00e9galement, les frais de livraison.<\/div><div><br><\/div><h3>ARTICLE 4 - CONCLUSION DU CONTRAT EN LIGNE<\/h3>Le Client devra suivre une s\u00e9rie d\u2019\u00e9tapes sp\u00e9cifiques \u00e0 chaque Produit ou Service offert \u00e0 la vente par le Vendeur pour pouvoir r\u00e9aliser sa commande. Toutefois, les \u00e9tapes d\u00e9crites ci-apr\u00e8s sont syst\u00e9matiques : <br><br><div>&nbsp; \u2013 Information sur les caract\u00e9ristiques essentielles du Produit <br><\/div><div>&nbsp; \u2013 Choix du Produit, le cas \u00e9ch\u00e9ant de ses options et indication des donn\u00e9es essentielles du Client (identification, adresse\u2026) <br><\/div><div>&nbsp; \u2013 Acceptation des pr\u00e9sentes Conditions G\u00e9n\u00e9rales de Vente<br><\/div><div>&nbsp; \u2013 V\u00e9rification des \u00e9l\u00e9ments de la commande et, le cas \u00e9ch\u00e9ant, correction des erreurs<br><\/div><div>&nbsp; \u2013 Suivi des instructions pour le paiement, et paiement des produits<br><\/div><div>&nbsp; \u2013 Livraison des produits<br><\/div><div><br><\/div><div>Le Client recevra alors confirmation par courrier \u00e9lectronique du paiement de la commande, ainsi qu\u2019un accus\u00e9 de r\u00e9ception de la commande la confirmant. Il recevra un exemplaire .pdf des pr\u00e9sentes Conditions G\u00e9n\u00e9rales de Vente. Pour les produits livr\u00e9s, cette livraison se fera \u00e0 l\u2019adresse indiqu\u00e9e par le Client. Aux fins de bonne r\u00e9alisation de la commande, le Client s\u2019engage \u00e0 fournir ses \u00e9l\u00e9ments d\u2019identification v\u00e9ridiques. Le Vendeur se r\u00e9serve la possibilit\u00e9 de refuser la commande, par exemple pour toute demande anormale, r\u00e9alis\u00e9e de mauvaise foi ou pour tout motif l\u00e9gitime.<\/div><div><br><\/div><h3>ARTICLE 5 - PRODUITS ET SERVICES<\/h3><div>Les caract\u00e9ristiques essentielles des biens, des services et leurs prix respectifs sont mis \u00e0 disposition de l\u2019acheteur sur les sites Internet de la soci\u00e9t\u00e9. Le client atteste avoir re\u00e7u un d\u00e9tail des frais de livraison ainsi que les modalit\u00e9s de paiement, de livraison et d\u2019ex\u00e9cution du contrat. <br><\/div><div>Le Vendeur s\u2019engage \u00e0 honorer la commande du Client dans la limite des stocks disponibles uniquement. A d\u00e9faut, le Vendeur en informe le Client. <br><\/div><div>Ces informations contractuelles sont pr\u00e9sent\u00e9es en d\u00e9tail et en langue fran\u00e7aise. Conform\u00e9ment \u00e0 la loi fran\u00e7aise, elles font l\u2019objet d\u2019un r\u00e9capitulatif et d\u2019une confirmation lors de la validation de la commande. Les parties conviennent que les illustrations ou photos des produits offerts \u00e0 la vente n\u2019ont pas de valeur contractuelle. <br><\/div><div>La dur\u00e9e de validit\u00e9 de l\u2019offre des Produits ainsi que leurs prix est pr\u00e9cis\u00e9e sur les pages de ventes des produits, ainsi que la dur\u00e9e minimale des contrats propos\u00e9s lorsque ceux-ci portent sur une fourniture continue ou p\u00e9riodique de produits ou services. <br><\/div><div>Sauf conditions particuli\u00e8res, les droits conc\u00e9d\u00e9s au titre des pr\u00e9sentes le sont uniquement \u00e0 la personne physique signataire de la commande (ou la personne titulaire de l\u2019adresse email communiqu\u00e9). <br><\/div><div>Conform\u00e9ment aux dispositions l\u00e9gales en mati\u00e8re de conformit\u00e9 et de vices cach\u00e9s, le Vendeur rembourse ou \u00e9change les produits d\u00e9fectueux ou ne correspondant pas \u00e0 la commande. Le remboursement peut \u00eatre demand\u00e9 en contactant le Vendeur par email ou lettre simple.<\/div><div><br><\/div><h3>ARTICLE 6 - CLAUSE DE RESERVE DE PROPRIETE<\/h3><div>Les produits demeurent la propri\u00e9t\u00e9 de la Soci\u00e9t\u00e9 jusqu\u2019au complet paiement du prix.<\/div><div><br><\/div><h3>ARTICLE 7 - MODALITES DE LIVRAISON<\/h3>Le prestataire de livraison est Mondial Relay.&nbsp;Les produits sont livr\u00e9s au point relais Mondial Relay au plus proche de l\u2019adresse de livraison qui a \u00e9t\u00e9 indiqu\u00e9e lors de la commande. A r\u00e9ception du paiement, la commande est pr\u00e9par\u00e9e dans les 2 jours ouvr\u00e9s suivants. La livraison aura lieu&nbsp; dans le point relais le plus proche dans les 3 (trois) jours ouvr\u00e9s apr\u00e8s que l'exp\u00e9dition du ou des colis. La dur\u00e9e de la livraison est indicative et d\u00e9pendante du transporteur d\u00e9sign\u00e9. Lorsque le Client commande plusieurs produits en m\u00eame temps, ceux-ci peuvent avoir des d\u00e9lais de livraison diff\u00e9rents s'ils sont achemin\u00e9s selon des modalit\u00e9s diff\u00e9rentes. <br><br><div>Le Vendeur met \u00e0 disposition un point de contact t\u00e9l\u00e9phonique (co\u00fbt d\u2019une communication locale \u00e0 partir d\u2019un poste fixe) indiqu\u00e9 dans l\u2019email de confirmation de commande afin d\u2019assurer le suivi de la commande. Le Vendeur rappelle qu\u2019au moment o\u00f9 le Client prend possession physiquement des produits, les risques de perte ou d\u2019endommagement des produits lui est transf\u00e9r\u00e9. <br><\/div><div><br><\/div><h3>ARTICLE 8 - DISPONIBILITE ET PRESENTATION<\/h3><div>Les commandes seront trait\u00e9es dans la limite de nos stocks disponibles ou sous r\u00e9serve des stocks disponibles chez nos fournisseurs. <br><\/div><div><br><\/div><h3>ARTICLE 9 - PAIEMENT<\/h3><div>Le paiement est exigible imm\u00e9diatement \u00e0 la commande, y compris pour les produits en pr\u00e9commande. Le Client peut effectuer le r\u00e8glement par Paypal, carte de paiement via Paypal, ch\u00e8que bancaire ou virement bancaire. <br><\/div><div><br><\/div><div><br><\/div><h3>ARTICLE 10 - DELAI DE RETRACTATION<\/h3><div>Conform\u00e9ment \u00e0 l\u2019article L. 121-20 du Code de la consommation, \u00ab le consommateur dispose d\u2019un d\u00e9lai de quatorze jours francs pour exercer son droit de r\u00e9tractation sans avoir \u00e0 justifier de motifs ni \u00e0 payer de p\u00e9nalit\u00e9s, \u00e0 l\u2019exception, le cas \u00e9ch\u00e9ant, des frais de retour \u00bb. \u00ab Le d\u00e9lai mentionn\u00e9 \u00e0 l\u2019alin\u00e9a pr\u00e9c\u00e9dent court \u00e0 compter de la r\u00e9ception pour les biens ou de l\u2019acceptation de l\u2019offre pour les prestations de services \u00bb. Le droit de r\u00e9tractation peut \u00eatre exerc\u00e9 en contactant la Soci\u00e9t\u00e9 par email ou t\u00e9l\u00e9phone. En cas d\u2019exercice du droit de r\u00e9tractation dans le d\u00e9lai susmentionn\u00e9, seul le prix du ou des produits achet\u00e9s et les frais d\u2019envoi sera rembours\u00e9, les frais de retour restent \u00e0 la charge du Client. Les retours des produits sont \u00e0 effectuer dans leur \u00e9tat d\u2019origine et complets (emballage, accessoires, notice\u2026) de sorte qu\u2019ils puissent \u00eatre recommercialis\u00e9s \u00e0 l\u2019\u00e9tat neuf ; ils doivent, si possible, \u00eatre accompagn\u00e9s d\u2019une copie du justificatif d\u2019achat. <br><\/div><div><br><\/div><h3>ARTICLE 11 - GARANTIES<\/h3>Conform\u00e9ment \u00e0 la loi, le Vendeur assume deux garanties : de conformit\u00e9 et relative aux vices cach\u00e9s des produits. Le Vendeur rembourse l\u2019acheteur ou \u00e9change les produits apparemment d\u00e9fectueux ou ne correspondant pas \u00e0 la commande effectu\u00e9e. <br><br><div>La demande de remboursement doit s\u2019effectuer en contactant le Veneur par email ou par lettre simple. Le Vendeur rappelle que le consommateur : <br><\/div><div>&nbsp;&nbsp; \u2013 dispose d\u2019un d\u00e9lai de 2 ans \u00e0 compter de la d\u00e9livrance du bien pour agir aupr\u00e8s du Vendeur <br><\/div><div>&nbsp;&nbsp; \u2013 qu\u2019il peut choisir entre le remplacement et la r\u00e9paration du bien apparemment d\u00e9fectueux ou ne correspondant pas \u00e0 la commande sous r\u00e9serve des conditions pr\u00e9vues par les dispositions susmentionn\u00e9es. <br><\/div><div>&nbsp;&nbsp; \u2013 qu\u2019il est dispens\u00e9 d\u2019apporter la preuve de l\u2019existence du d\u00e9faut de conformit\u00e9 du bien durant les six mois suivant la d\u00e9livrance du bien<br><\/div><div>&nbsp;&nbsp; \u2013 que, sauf biens d\u2019occasion, ce d\u00e9lai sera port\u00e9 \u00e0 24 mois \u00e0 compter du 18 mars 2016 <br><\/div><div>&nbsp;&nbsp; \u2013 que le consommateur peut \u00e9galement faire valoir la garantie contre les vices cach\u00e9s de la chose vendue au sens de l\u2019article 1641 du code civil et, dans cette hypoth\u00e8se, il peut choisir entre la r\u00e9solution de la vente ou une r\u00e9duction du prix de vente (dispositions des articles 1644 du Code Civil). <br><\/div><div><br><\/div><h3>ARTICLE 12 - RECLAMATIONS<\/h3><div>Le cas \u00e9ch\u00e9ant, l\u2019Acheteur peut pr\u00e9senter toute r\u00e9clamation en contactant la soci\u00e9t\u00e9 par email \u00e0 lms@sanitas.fr ou par lettre simple \u00e0 La Maisnie Sanitas, 1 La Menuli\u00e8re 44520 Moisdon-la-Rivi\u00e8re.<\/div><div><br><\/div><h3>ARTICLE 13 - DROITS DE PROPRIETE INTELLECTUELLE<\/h3><div>Les marques, noms de domaines, produits, logiciels, images, vid\u00e9os, textes ou plus g\u00e9n\u00e9ralement, toute information, objet de droits de propri\u00e9t\u00e9 intellectuelle sont et restent la propri\u00e9t\u00e9 exclusive du vendeur. Aucune cession de droits de propri\u00e9t\u00e9 intellectuelle n\u2019est r\u00e9alis\u00e9e au travers des pr\u00e9sentes CGV. Toute reproduction totale ou partielle, modification ou utilisation de ces biens pour quelque motif que ce soit est strictement interdite.<\/div><div><br><\/div><h3>ARTICLE 14 - FORCE MAJEURE<\/h3><div>L\u2019ex\u00e9cution des obligations du vendeur au terme des pr\u00e9sentes est suspendue en cas de survenance d\u2019un cas fortuit ou de force majeure qui en emp\u00eacherait l\u2019ex\u00e9cution. Le vendeur avisera le client de la survenance d\u2019un tel \u00e9v\u00e8nement d\u00e8s que possible.<\/div><div><br><\/div><h3>ARTICLE 15 - NULLITE ET MODIFICATION DU CONTRAT<\/h3><div>Si l\u2019une des stipulations du pr\u00e9sent contrat \u00e9tait annul\u00e9e, cette nullit\u00e9 n\u2019entra\u00eenerait pas la nullit\u00e9 des autres stipulations qui demeureront en vigueur entre les parties. Toute modification contractuelle n\u2019est valable qu\u2019apr\u00e8s un accord \u00e9crit et sign\u00e9 des parties.<\/div><div><br><\/div><h3>ARTICLE 16 - RGPD ET PROTECTION DES DONNEES PERSONNELLES<\/h3><div>Conform\u00e9ment au r\u00e8glement europ\u00e9en en mati\u00e8re de protection des donn\u00e9es personnelles, vous disposez des droits d\u2019interrogation, d\u2019acc\u00e8s, de modification, d\u2019opposition et de rectification sur les donn\u00e9es personnelles vous concernant. En adh\u00e9rant \u00e0 ces Conditions G\u00e9n\u00e9rales de Vente, vous consentez \u00e0 ce que nous collections et utilisions ces donn\u00e9es pour l\u2019ex\u00e9cution du pr\u00e9sent contrat.<\/div><div><br><\/div><h3>ARTICLE 17 - DROIT APPLICABLE<\/h3><div>Toutes les clauses figurant dans les pr\u00e9sentes Conditions G\u00e9n\u00e9rales de Vente, ainsi que toutes les op\u00e9rations d\u2019achat et de vente qui y sont vis\u00e9es, seront soumises au droit fran\u00e7ais.<\/div><div><br><\/div><\/div>\n","protected":false},"excerpt":{"rendered":"","protected":false},"author":1,"featured_media":0,"parent":0,"menu_order":0,"comment_status":"closed","ping_status":"closed","template":"","meta":{"neve_meta_sidebar":"","neve_meta_container":"","neve_meta_enable_content_width":"","neve_meta_content_width":0,"neve_meta_title_alignment":"","neve_meta_author_avatar":"","neve_post_elements_order":"","neve_meta_disable_header":"","neve_meta_disable_footer":"","neve_meta_disable_title":"","_ti_tpc_template_sync":false,"_ti_tpc_template_id":"","spay_email":""},"jetpack_shortlink":"https:\/\/wp.me\/P9oqJu-aE","jetpack-related-posts":[{"id":5952,"url":"https:\/\/sanitas.fr\/?page_id=5952","url_meta":{"origin":660,"position":0},"title":"Notre Histoire","date":"27\/03\/2021","format":false,"excerpt":"Notre Histoire Une histoire de Bi\u00e8res et de Cervoises Dans une e\u0301poque contemporaine et dans un pays pas du tout lointain, une me\u0300re de famille geek, passionne\u0301e de vie, de nature mais e\u0301galement de technologie et d\u2019histoire s\u2019est e\u0301prise de saveurs houblonne\u0301es et sauvages.Cherchant a\u0300 travers les e\u0301crits et manuscrits,\u2026","rel":"","context":"Article similaire","img":{"alt_text":"","src":"https:\/\/i1.wp.com\/sanitas.fr\/wp-content\/uploads\/2020\/08\/Ced_Nad_Mario-1024x681.jpeg?resize=350%2C200","width":350,"height":200},"classes":[]},{"id":6881,"url":"https:\/\/sanitas.fr\/?page_id=6881","url_meta":{"origin":660,"position":1},"title":"Notre Philosophie","date":"22\/04\/2021","format":false,"excerpt":"Notre Philosophie Une production locale En accord avec notre \u00e9thique, nous nous appliquons \u00e0 utiliser autant que possible des produits locaux et il nous tient \u00e0 c\u0153ur de d\u00e9velopper des partenariats avec les producteurs voisins. Nous pr\u00f4nons en premier lieu le \u00ab\u00a0Made in Local\u00a0\u00bb puis le \u00a0\u00ab\u00a0Made in France\u00a0\u00bb.De la\u2026","rel":"","context":"Article similaire","img":{"alt_text":"","src":"https:\/\/i2.wp.com\/sanitas.fr\/wp-content\/uploads\/2020\/05\/20200515_180038.jpg?resize=350%2C200","width":350,"height":200},"classes":[]},{"id":5558,"url":"https:\/\/sanitas.fr\/","url_meta":{"origin":660,"position":2},"title":"Accueil","date":"26\/03\/2021","format":false,"excerpt":"La Maisnie Sanitas Bi\u00e8res et Cervoises d'Antan Notre boutique Nos recettes Authenticit\u00e9 et de la modernit\u00e9 pour des bi\u00e8res et cervoises go\u00fbteuses. Nos produits Personnalisation Sur devis, des recettes et\/ou bouteilles \u00e0 votre image. D\u00e9couvrir Nos services Stands \u00e0 vos couleurs, location de tireuse, animations de vos \u00e9v\u00e9nements En savoir\u2026","rel":"","context":"Article similaire","img":{"alt_text":"","src":"https:\/\/i2.wp.com\/sanitas.fr\/wp-content\/uploads\/2018\/06\/Dcembre_2019_Laureen_Keravec3S.jpg?resize=350%2C200","width":350,"height":200},"classes":[]},{"id":6494,"url":"https:\/\/sanitas.fr\/?page_id=6494","url_meta":{"origin":660,"position":3},"title":"Nos offres aux Professionnels","date":"31\/03\/2021","format":false,"excerpt":"Nos Offres aux Professionnels Un v\u00e9ritable partenariat pour des bi\u00e8res d\u00e9di\u00e9es \u00e0 votre bar Nous proposons une gamme de bi\u00e8res et cervoises artisanales, qui raviront le palais de vos clients. Mais plus encore, nous pouvons cr\u00e9er une bi\u00e8re unique, afin de correspondre \u00e0 l\u2019identit\u00e9 de votre \u00e9tablissement. Notre catalogue Des\u2026","rel":"","context":"Article similaire","img":{"alt_text":"","src":"https:\/\/i0.wp.com\/sanitas.fr\/wp-content\/uploads\/2020\/07\/Coffret1PortraitCarre.png?resize=350%2C200","width":350,"height":200},"classes":[]},{"id":1029,"url":"https:\/\/sanitas.fr\/?page_id=1029","url_meta":{"origin":660,"position":4},"title":"Ulule","date":"07\/01\/2020","format":false,"excerpt":"Une histoire de Bi\u00e8re et de Cervoises! Apr\u00e8s deux ann\u00e9es \u00e0 \u00e9tablir l'entreprise en Seine et Marne, nous venons de nous installer dans la verdoyante Loire-Atlantique, dans une jolie long\u00e8re sur la commune de Moisdon la Rivi\u00e8re. Une ancienne ferme, son habitation et ses b\u00e2timents agricoles. Or donc, dans ces\u2026","rel":"","context":"Article similaire","img":{"alt_text":"","src":"","width":0,"height":0},"classes":[]},{"id":6429,"url":"https:\/\/sanitas.fr\/?page_id=6429","url_meta":{"origin":660,"position":5},"title":"Nos Prestations","date":"31\/03\/2021","format":false,"excerpt":"Nos Prestations Stand th\u00e9matique, location, f\u00fbts\u2026 Proposez des produits personnalis\u00e9s, ajoutez une touche d\u2019originalit\u00e9 \u00e0 vos \u00e9v\u00e8nements priv\u00e9s, associatifs ou professionnels. Stand personnalis\u00e9 sur demande Vous souhaitez une prestation originale suivant le th\u00e8me de votre soir\u00e9e\/\u00e9v\u00e8nement? Nous vous proposons une solution sur mesure avec un stand personnalis\u00e9 sur votre th\u00e8me\u2026","rel":"","context":"Article similaire","img":{"alt_text":"","src":"https:\/\/i2.wp.com\/sanitas.fr\/wp-content\/uploads\/2018\/06\/20180504_140237.jpg?resize=350%2C200","width":350,"height":200},"classes":[]}],"jetpack_sharing_enabled":true,"jetpack_likes_enabled":true,"_links":{"self":[{"href":"https:\/\/sanitas.fr\/index.php?rest_route=\/wp\/v2\/pages\/660"}],"collection":[{"href":"https:\/\/sanitas.fr\/index.php?rest_route=\/wp\/v2\/pages"}],"about":[{"href":"https:\/\/sanitas.fr\/index.php?rest_route=\/wp\/v2\/types\/page"}],"author":[{"embeddable":true,"href":"https:\/\/sanitas.fr\/index.php?rest_route=\/wp\/v2\/users\/1"}],"replies":[{"embeddable":true,"href":"https:\/\/sanitas.fr\/index.php?rest_route=%2Fwp%2Fv2%2Fcomments&post=660"}],"version-history":[{"count":0,"href":"https:\/\/sanitas.fr\/index.php?rest_route=\/wp\/v2\/pages\/660\/revisions"}],"wp:attachment":[{"href":"https:\/\/sanitas.fr\/index.php?rest_route=%2Fwp%2Fv2%2Fmedia&parent=660"}],"curies":[{"name":"wp","href":"https:\/\/api.w.org\/{rel}","templated":true}]}}